{"id":304,"date":"2025-11-17T15:19:17","date_gmt":"2025-11-17T13:19:17","guid":{"rendered":"https:\/\/artgroup.ee\/?page_id=304"},"modified":"2025-11-17T15:19:17","modified_gmt":"2025-11-17T13:19:17","slug":"postitused","status":"publish","type":"page","link":"https:\/\/artgroup.ee\/en\/postitused\/","title":{"rendered":"Postitused"},"content":{"rendered":"\n<p><strong>Art Group conservation and restoration studio<\/strong><\/p>\n\n\n\n<p>Art Group konserveerimis ja restaureerimis stuudio<\/p>\n\n\n\n<p>Meie konserveerimis stuudio v\u00f5tab vastu kliente, kes v\u00e4\u00e4rtustavad kusti. Kunst on loodud s\u00e4ilima ja iga ajastu maal v\u00e4\u00e4rib head kohtlemist ja eksponeerimist. Taastame vana maali s\u00e4ra ja l\u00f6\u00f6me kunsti taas \u00f5itsele. <\/p>\n\n\n\n<p>Stuudio liigub ka vaikselt kunstim\u00fc\u00fcgi ,disaini ja kujunduse poole. Art Group stuudio on arenev stuudio, mis pakub mitmek\u00fclgsust. <\/p>\n\n\n\n<figure class=\"wp-block-video\"><video controls src=\"https:\/\/artgroup.ee\/wp-content\/uploads\/2025\/11\/White-Minimalist-Motivational-Instagram-Story-Video.mp4\"><\/video><\/figure>\n","protected":false},"excerpt":{"rendered":"<p>Art Group conservation and restoration studio Art Group konserveerimis ja restaureerimis stuudio Meie konserveerimis stuudio v\u00f5tab vastu kliente, kes v\u00e4\u00e4rtustavad kusti. Kunst on loodud s\u00e4ilima ja iga ajastu maal v\u00e4\u00e4rib head kohtlemist ja eksponeerimist. Taastame vana maali s\u00e4ra ja l\u00f6\u00f6me kunsti taas \u00f5itsele. Stuudio liigub ka vaikselt kunstim\u00fc\u00fcgi ,disaini ja kujunduse poole. Art Group stuudio &hellip; <a href=\"https:\/\/artgroup.ee\/en\/postitused\/\" class=\"more-link\">Continue reading <span class=\"screen-reader-text\">Postitused<\/span> <span class=\"meta-nav\">&rarr;<\/span><\/a><\/p>\n","protected":false},"author":1,"featured_media":0,"parent":0,"menu_order":0,"comment_status":"closed","ping_status":"closed","template":"","meta":[],"translation":{"provider":"WPGlobus","version":"3.0.1","language":"en","enabled_languages":["et","en"],"languages":{"et":{"title":true,"content":true,"excerpt":false},"en":{"title":false,"content":false,"excerpt":false}}},"_links":{"self":[{"href":"https:\/\/artgroup.ee\/en\/wp-json\/wp\/v2\/pages\/304"}],"collection":[{"href":"https:\/\/artgroup.ee\/en\/wp-json\/wp\/v2\/pages"}],"about":[{"href":"https:\/\/artgroup.ee\/en\/wp-json\/wp\/v2\/types\/page"}],"author":[{"embeddable":true,"href":"https:\/\/artgroup.ee\/en\/wp-json\/wp\/v2\/users\/1"}],"replies":[{"embeddable":true,"href":"https:\/\/artgroup.ee\/en\/wp-json\/wp\/v2\/comments?post=304"}],"version-history":[{"count":1,"href":"https:\/\/artgroup.ee\/en\/wp-json\/wp\/v2\/pages\/304\/revisions"}],"predecessor-version":[{"id":307,"href":"https:\/\/artgroup.ee\/en\/wp-json\/wp\/v2\/pages\/304\/revisions\/307"}],"wp:attachment":[{"href":"https:\/\/artgroup.ee\/en\/wp-json\/wp\/v2\/media?parent=304"}],"curies":[{"name":"wp","href":"https:\/\/api.w.org\/{rel}","templated":true}]}}